{"id":577,"date":"2022-02-11T12:26:44","date_gmt":"2022-02-11T15:26:44","guid":{"rendered":"https:\/\/urbembr.com\/?page_id=577"},"modified":"2022-02-11T12:26:44","modified_gmt":"2022-02-11T15:26:44","slug":"privacy-policy","status":"publish","type":"page","link":"https:\/\/urbembr.com\/en\/privacy-policy\/","title":{"rendered":"Privacy Policy"},"content":{"rendered":"\r\n\r\n<strong>Amata na Cidade S\/A<\/strong>, pessoa jur\u00eddica de direito privado, inscrita no CNPJ sob o n\u00ba 32.185.496\/0002-92, com sede na Rua Henri Dunant, 873, 9\u00ba andar, cidade de S\u00e3o Paulo, Estado de S\u00e3o Paulo, (\u201cURBEM\u201d), tem o compromisso de proteger a sua privacidade, garantindo a seguran\u00e7a de seus Dados Pessoais compartilhados e, para tanto, seguir\u00e1 as diretrizes da Lei Geral de Prote\u00e7\u00e3o de Dados (Lei n\u00ba 13.709\/2018 &#8211; \u201c<strong>LGPD<\/strong>\u201d) a seguir indicadas para o Tratamento de Dados Pessoais compartilhados com a Urbem por clientes e terceiros quando navegam no website <a style=\"text-decoration: underline !important;\" href=\"https:\/\/urbem-2023.urbembr.com\/\">https:\/\/urbem-2023.urbembr.com\/<\/a> (\u201c<strong>Website<\/strong>\u201d) ou contatem a Urbem por qualquer motivo.\r\n\r\nA presente Pol\u00edtica de Privacidade (\u201c<strong>Pol\u00edtica<\/strong>\u201d) descreve a finalidade e forma de Tratamento de seus Dados Pessoais em tais situa\u00e7\u00f5es, incluindo coleta, compartilhamento e prazos de reten\u00e7\u00e3o e elimina\u00e7\u00e3o.\r\n\r\nEm caso de d\u00favidas adicionais ou requisi\u00e7\u00f5es, por favor, entre em contato com nosso Comit\u00ea de Privacidade e Prote\u00e7\u00e3o de Dados, por meio do endere\u00e7o de e- mail <a style=\"text-decoration: underline !important;\" href=\"mailto:dpo@Urbembr.com\">dpo@Urbembr.com<\/a>.\r\n\r\nEsta Pol\u00edtica poder\u00e1 ser atualizada a qualquer tempo pela Urbem, mediante disponibiliza\u00e7\u00e3o no site, encaminhada por e-mail, caso o cliente tiver optado por receber comunica\u00e7\u00f5es da Urbem ou, ainda, enviada diretamente aos clientes quando solicitada. Caso haja modifica\u00e7\u00f5es quanto \u00e0 finalidade do Tratamento de seus Dados Pessoais, a Urbem poder\u00e1 ter a necessidade de contat\u00e1-lo a fim de obter o seu Consentimento para tanto.\r\n\r\n&nbsp;\r\n<h3 class=\"wp-block-heading\"><strong>I.\u00a0 DEFINI\u00c7\u00d5ES<\/strong><\/h3>\r\nCaso tenha alguma d\u00favida sobre os termos utilizados nesta Pol\u00edtica, a Urbem sugere que consulte a tabela abaixo:\r\n<table border=\"2\">\r\n<tbody>\r\n<tr>\r\n<td width=\"226\">TERMO<\/td>\r\n<td width=\"346\">DEFINI\u00c7\u00c3O<\/td>\r\n<\/tr>\r\n<tr>\r\n<td width=\"226\">&nbsp;\r\n\r\n<strong>Dado Pessoal<\/strong><\/td>\r\n<td width=\"346\">&nbsp;\r\n\r\nQualquer informa\u00e7\u00e3o relacionada a pessoa natural, direta ou indiretamente, identificada ou identific\u00e1vel.<\/td>\r\n<\/tr>\r\n<tr>\r\n<td width=\"226\">&nbsp;\r\n\r\n&nbsp;\r\n\r\n<strong>Consentimento<\/strong><\/td>\r\n<td width=\"346\">&nbsp;\r\n\r\nManifesta\u00e7\u00e3o livre, informada e inequ\u00edvoca pela qual o titular concorda com o tratamento de seus dados pessoais para uma finalidade determinada.<\/td>\r\n<\/tr>\r\n<\/tbody>\r\n<\/table>\r\n<h2><\/h2>\r\n<table border=\"2\">\r\n<tbody>\r\n<tr>\r\n<td width=\"226\">TERMO<\/td>\r\n<td width=\"346\">DEFINI\u00c7\u00c3O<\/td>\r\n<\/tr>\r\n<tr>\r\n<td width=\"226\">&nbsp;\r\n\r\n&nbsp;\r\n\r\n<strong>Titular<\/strong><\/td>\r\n<td width=\"346\">&nbsp;\r\n\r\nPessoa natural a quem se referem os Dados Pessoais, tais como antigos, atuais ou potenciais clientes e seus colaboradores, contratados, parceiros comerciais e terceiros.<\/td>\r\n<\/tr>\r\n<tr>\r\n<td width=\"226\">&nbsp;\r\n\r\n&nbsp;\r\n\r\n&nbsp;\r\n\r\n<strong>Tratamento<\/strong><\/td>\r\n<td width=\"346\">&nbsp;\r\n\r\nToda opera\u00e7\u00e3o realizada com Dados Pessoais, como as que se referem: a coleta, produ\u00e7\u00e3o, recep\u00e7\u00e3o, classifica\u00e7\u00e3o, utiliza\u00e7\u00e3o, acesso, reprodu\u00e7\u00e3o, transmiss\u00e3o, distribui\u00e7\u00e3o, processamento, arquivamento, armazenamento, elimina\u00e7\u00e3o, avalia\u00e7\u00e3o ou controle da informa\u00e7\u00e3o, modifica\u00e7\u00e3o, comunica\u00e7\u00e3o, transfer\u00eancia, difus\u00e3o ou extra\u00e7\u00e3o.<\/td>\r\n<\/tr>\r\n<tr>\r\n<td width=\"226\">&nbsp;\r\n\r\n&nbsp;\r\n\r\n<strong>Anonimiza\u00e7\u00e3o<\/strong><\/td>\r\n<td width=\"346\">&nbsp;\r\n\r\nProcesso por meio do qual o dado perde a possibilidade de associa\u00e7\u00e3o, direta ou indireta, a um indiv\u00edduo, considerados os meios t\u00e9cnicos razo\u00e1veis e dispon\u00edveis no momento do Tratamento.<\/td>\r\n<\/tr>\r\n<\/tbody>\r\n<\/table>\r\n&nbsp;\r\n<h3><strong>II.\u00a0 QUAIS DADOS PESSOAIS A URBEM TRATA<\/strong><\/h3>\r\n&nbsp;\r\n\r\nDurante sua experi\u00eancia em nosso site, a Urbem pode coletar diferentes tipos de Dados Pessoais de forma autom\u00e1tica com o objetivo de confer\u00eancia, monitoramento e controle. Al\u00e9m disso, os Dados Pessoais podem ser fornecidos diretamente por voc\u00ea, como, por exemplo, nos casos em que voc\u00ea se cadastre para fazer parte da nossa rede ou ser um parceiro nosso.\r\n\r\nImportante informar que a Urbem pode tratar informa\u00e7\u00f5es fornecidas por voc\u00ea no momento do cadastro (e.g., preenchimento de formul\u00e1rios online) e, ainda, informa\u00e7\u00f5es repassadas por terceiros (e.g., dados de navega\u00e7\u00e3o fornecidos pelo seu navegador).\r\n\r\nVeja abaixo quais Dados Pessoais a Urbem pode coletar e em quais situa\u00e7\u00f5es s\u00e3o coletados:\r\n<ul>\r\n \t<li>Detalhes de contato e identificadores: nome completo, celular, e-mail, profiss\u00e3o, nome da empresa em que atua e campo de atua\u00e7\u00e3o profissional;<\/li>\r\n \t<li>Dados de navega\u00e7\u00e3o: Endere\u00e7o IP, cookies, informa\u00e7\u00f5es sobre o dispositivo utilizado para a navega\u00e7\u00e3o, produtos e categorias pesquisados ou visualizados, contagem de visualiza\u00e7\u00f5es, geolocaliza\u00e7\u00e3o e p\u00e1ginas visitadas em outros<\/li>\r\n<\/ul>\r\n<h2><\/h2>\r\n<h3><strong>III.\u00a0 OUTROS DADOS PESSOAIS QUE PODER\u00c3O SER TRATADOS DE FORMA N\u00c3O EVENTUAL<\/strong><\/h3>\r\n&nbsp;\r\n\r\nOutros Dados Pessoais, al\u00e9m dos que foram informados acima, poder\u00e3o ser tratados quando da utiliza\u00e7\u00e3o do Website, quais sejam:\r\n<ul>\r\n \t<li>Dados fornecidos por voc\u00ea, voluntariamente, como por meio de comunica\u00e7\u00f5es com a Urbem em redes sociais ou em qualquer de nossos canais de atendimento.<\/li>\r\n<\/ul>\r\n<h2><\/h2>\r\n<h3><strong>IV.\u00a0 COMO A URBEM UTILIZA OS DADOS \u2013 FINALIDADES E FORMA DO TRATAMENTO<\/strong><\/h3>\r\n&nbsp;\r\n\r\nA Urbem trata os seus Dados Pessoais para garantir um atendimento de qualidade e uma melhor experi\u00eancia na navega\u00e7\u00e3o em nosso site, sendo as finalidades espec\u00edficas as seguintes:\r\n<ul>\r\n \t<li>entrar em contato com voc\u00ea quando necess\u00e1rio;<\/li>\r\n \t<li>avaliar interesses em parcerias de neg\u00f3cios;<\/li>\r\n \t<li>desenvolver novas funcionalidades e melhorias em nosso Website;<\/li>\r\n \t<li>garantir o cumprimento de obriga\u00e7\u00f5es legais ou regulat\u00f3rias;<\/li>\r\n \t<li>garantir o exerc\u00edcio regular de direitos da Urbem em contratos e em processos judiciais, administrativos e arbitrais;<\/li>\r\n \t<li>colaborar com o cumprimento de ordem judicial, de autoridade competente ou de \u00f3rg\u00e3o fiscalizador;<\/li>\r\n \t<li>prevenir poss\u00edveis fraudes e aumentar o n\u00edvel de seguran\u00e7a de seus dados<\/li>\r\n<\/ul>\r\nAl\u00e9m disso, a Urbem tamb\u00e9m poder\u00e1 tratar Dados Pessoais com base em seu interesse leg\u00edtimo, sempre no limite do quanto \u00e9 esperado pelo(a) Titular dos Dados Pessoais, principalmente levando em considera\u00e7\u00e3o o relacionamento j\u00e1 existente com a Urbem, e nunca em preju\u00edzo aos seus interesses, direitos e liberdades fundamentais.\r\n\r\nCaso voc\u00ea <strong>opte por n\u00e3o fornecer <\/strong>determinados Dados Pessoais quando solicitado(a), a Urbem pode n\u00e3o ser capaz de cumprir com as obriga\u00e7\u00f5es contratuais e executar o contrato que firmou com voc\u00ea (como, por exemplo, analisar o seu pedido de parceria), ou pode ser impedida de cumprir com as obriga\u00e7\u00f5es legais e regulat\u00f3rias.\r\n\r\nNos casos em que o seu Consentimento for necess\u00e1rio para desempenho de determinada atividade, a Urbem informar\u00e1 sobre as consequ\u00eancias decorrentes do seu n\u00e3o fornecimento.\r\n\r\nMedidas f\u00edsicas, t\u00e9cnicas e administrativas razo\u00e1veis e adequadas ser\u00e3o adotadas para salvaguardar as informa\u00e7\u00f5es que a Urbem trata.\r\n<h2><\/h2>\r\n<h3><strong>IV.\u00a0 COMO A URBEM UTILIZA OS COOKIES<\/strong><\/h3>\r\n&nbsp;\r\n\r\nUtilizamos seus Cookies, conforme definido na pol\u00edtica espec\u00edfica dispon\u00edvel em <a style=\"text-decoration: underline !important;\" href=\"https:\/\/Urbembrasil.com.br\/\">https:\/\/Urbembrasil.com.br\/<\/a>\r\n<h2><\/h2>\r\n<h3><strong>V.\u00a0 INFORMA\u00c7\u00d5ES ACERCA DO USO COMPARTILHADO DE DADOS<\/strong><\/h3>\r\n&nbsp;\r\n\r\nA Urbem poder\u00e1 compartilhar os seus Dados Pessoais com a administradora do site e empresa de comunica\u00e7\u00e3o corporativa e gest\u00e3o de marcas, e com diferentes autoridades governamentais, institui\u00e7\u00f5es ou ag\u00eancias (ou similares), operadoras de servi\u00e7o financeiro, prestadores de servi\u00e7os que atuam em nome da Urbem, fornecedores (empresa terceira que prov\u00e9m armazenamento e hospedagem de aplica\u00e7\u00f5es, arquivos e dados), al\u00e9m de provedores de servi\u00e7os de terceiros que tratam Dados Pessoais em nome da Urbem (como, por exemplo, contadores, auditores, consultoria, etc.), \u00f3rg\u00e3os de cr\u00e9dito, parceiros e empresas, para cumprir nossas obriga\u00e7\u00f5es contratuais ou, ainda, no contexto da poss\u00edvel venda ou reestrutura\u00e7\u00e3o do neg\u00f3cio.\r\n\r\nSempre que a Urbem compartilhar seus Dados Pessoais, limitar\u00e1 ao m\u00ednimo necess\u00e1rio, bem como n\u00e3o permitir\u00e1 que os provedores de servi\u00e7o utilizem tais dados para fins diversos dos contratados.\r\n\r\nSempre que os seus Dados Pessoais forem tratados por terceiros, a Urbem garantir\u00e1 que os terceiros o fa\u00e7am sempre em conson\u00e2ncia com o quanto disposto na LGPD.\r\n\r\nQuando aplic\u00e1vel, a Urbem compartilhar\u00e1 seus Dados Pessoais devidamente anonimizados.\r\n\r\nA Urbem, via de regra, n\u00e3o compartilha os seus Dados Pessoais internacionalmente.\r\n\r\nCaso isso ocorra, a Urbem adotar\u00e1 as salvaguardas necess\u00e1rias para que seus Dados Pessoais tenham o mesmo n\u00edvel de prote\u00e7\u00e3o que adotamos e, sempre que necess\u00e1rio, utilizar\u00e1 mecanismo de transfer\u00eancia internacional de dados exigido pelas normas aplic\u00e1veis de prote\u00e7\u00e3o de dados.\r\n<h2><\/h2>\r\n<h3><strong>VI.\u00a0 RESPONSABILIDADES DOS AGENTES QUE REALIZAR\u00c3O O TRATAMENTO<\/strong><\/h3>\r\n&nbsp;\r\n\r\nA Urbem utiliza os meios razo\u00e1veis de mercado e legalmente requeridos para preservar a privacidade dos Dados Pessoais que coleta.\r\n\r\nComo forma de garantir a seguran\u00e7a e confidencialidade de seus Dados Pessoais, o seu acesso somente ser\u00e1 limitado para aqueles que realmente precisam conhec\u00ea-los para desempenho de suas fun\u00e7\u00f5es.\r\n\r\nTodos aqueles que tratarem seus Dados Pessoais com base nas instru\u00e7\u00f5es da Urbem est\u00e3o sujeitos a um dever de confidencialidade, e s\u00e3o obrigados a comprovar estar em conformidade com a LGPD e outras leis de prote\u00e7\u00e3o de dados.\r\n\r\nA Urbem protege seus sistemas contra acesso n\u00e3o autorizado por meio de variados n\u00edveis de permiss\u00f5es de acesso e controles por senha, definidos pela \u00e1rea de TI. Em caso de viola\u00e7\u00e3o desses sistemas, real ou suspeita, a Urbem notificar\u00e1 voc\u00ea, a Autoridade Nacional de Prote\u00e7\u00e3o de Dados (\u201cANPD\u201d) e qualquer outra autoridade que se aplique sobre a viola\u00e7\u00e3o e as medidas que adotamos para solucion\u00e1-la.\r\n\r\nEmbora a Urbem adote os melhores esfor\u00e7os no sentido de preservar a privacidade e proteger os seus dados, nenhuma transmiss\u00e3o de informa\u00e7\u00f5es \u00e9 totalmente segura, de modo que a Urbem n\u00e3o pode garantir integralmente que todas as informa\u00e7\u00f5es que recebe ou envia n\u00e3o sejam alvo de acessos n\u00e3o autorizados perpetrados por meio de m\u00e9todos desenvolvidos para obter informa\u00e7\u00f5es de forma indevida. Por esse motivo a Urbem incentiva voc\u00ea a tomar as medidas apropriadas para se proteger, como, por exemplo, manter confidenciais todos os nomes de Titular e senhas, sendo certo que tais informa\u00e7\u00f5es s\u00e3o pessoais, intransfer\u00edveis, e de sua exclusiva responsabilidade.\r\n<h2><\/h2>\r\n<h3><strong>VII.\u00a0 DURA\u00c7\u00c3O DO TRATAMENTO<\/strong><\/h3>\r\n&nbsp;\r\n\r\nVisando proteger a sua privacidade, os Dados Pessoais tratados pela Urbem ser\u00e3o eliminados quando deixarem de ser \u00fateis para os fins para os quais foram coletados, ou quando voc\u00ea solicitar sua elimina\u00e7\u00e3o, exceto se sua manuten\u00e7\u00e3o for expressamente autorizada por lei ou regula\u00e7\u00e3o aplic\u00e1vel ou, ainda, no limite prescricional definido em lei para os casos de ingresso de quaisquer a\u00e7\u00f5es judiciais ou administrativas.\r\n\r\nContudo, as informa\u00e7\u00f5es poder\u00e3o ser conservadas para cumprimento de obriga\u00e7\u00e3o legal ou regulat\u00f3ria, transfer\u00eancia a terceiro \u2013 desde que respeitados os requisitos de Tratamento de dados \u2013 e uso exclusivo da Urbem, inclusive para o exerc\u00edcio de seus direitos em processos judiciais ou administrativos.\r\n<h2><\/h2>\r\n<h3><strong>VIII.\u00a0 SEUS DIREITOS<\/strong><\/h3>\r\n&nbsp;\r\n\r\nEm cumprimento \u00e0 regulamenta\u00e7\u00e3o aplic\u00e1vel, no que diz respeito ao Tratamento de Dados Pessoais, a Urbem respeita e garante a voc\u00ea a possibilidade de apresenta\u00e7\u00e3o de solicita\u00e7\u00f5es baseadas nos seguintes direitos:\r\n<ul>\r\n \t<li><strong>Confirma\u00e7\u00e3o e acesso<\/strong>: Direito de solicitar a confirma\u00e7\u00e3o da exist\u00eancia de Tratamento e acesso aos seus Dados Pessoais por meio de informa\u00e7\u00f5es claras sobre a origem dos dados, a inexist\u00eancia de registro, os crit\u00e9rios utilizados e a finalidade do Tratamento;<\/li>\r\n \t<li><strong>Corre\u00e7\u00e3o<\/strong>: Direito de requerer a corre\u00e7\u00e3o de dados incompletos, inexatos ou desatualizados;<\/li>\r\n \t<li><strong>Anonimiza\u00e7\u00e3o, bloqueio ou elimina\u00e7\u00e3o<\/strong>: Direito de ter garantida a desvincula\u00e7\u00e3o dos Dados Pessoais, de requerer a suspens\u00e3o tempor\u00e1ria de qualquer opera\u00e7\u00e3o de Tratamento deles ou de solicitar a exclus\u00e3o de um dado ou conjunto de Dados Pessoais, quando estes forem desnecess\u00e1rios, excessivos ou tratados em desconformidade com a LGPD;<\/li>\r\n<\/ul>\r\n<ul>\r\n \t<li><strong>Portabilidade<\/strong>: Direito de solicitar a transfer\u00eancia dos seus Dados Pessoais a outro fornecedor de servi\u00e7o ou produto;<\/li>\r\n \t<li><strong>Elimina\u00e7\u00e3o<\/strong>: Direito de pedir a elimina\u00e7\u00e3o dos seus Dados Pessoais tratados com o seu Consentimento anterior;<\/li>\r\n \t<li><strong>Compartilhamento<\/strong>: Direito de receber informa\u00e7\u00f5es sobre as entidades p\u00fablicas e privadas com as quais os seus Dados Pessoais s\u00e3o compartilhados;<\/li>\r\n \t<li><strong>Explica\u00e7\u00e3o<\/strong>: Direito de obter informa\u00e7\u00e3o sobre a possibilidade e as consequ\u00eancias de n\u00e3o fornecer o seu Consentimento sobre determinada opera\u00e7\u00e3o de Tratamento de seus Dados Pessoais; e<\/li>\r\n \t<li><strong>Revoga\u00e7\u00e3o do <\/strong>Consentimento: Direito de manifestar, por procedimento gratuito e facilitado, a revoga\u00e7\u00e3o do seu Consentimento em rela\u00e7\u00e3o ao Tratamento de seus Dados Pessoais.<\/li>\r\n<\/ul>\r\nEnquanto Titular de Dados Pessoais, voc\u00ea, ainda, pode se opor ao Tratamento de seus Dados Pessoais quando realizado em descumprimento \u00e0 LGPD, bem como solicitar informa\u00e7\u00f5es claras a respeito dos crit\u00e9rios e dos procedimentos utilizados para a tomada de decis\u00e3o com base em Tratamento automatizado de Dados Pessoais que afetem seus interesses, tais como decis\u00f5es destinadas a definir seu perfil pessoal, profissional, de consumo e de cr\u00e9dito ou ainda os aspectos de sua personalidade.\r\n\r\nEm todos os casos, para exercer seus direitos, entre em contato com <a style=\"text-decoration: underline !important;\" href=\"mailto:dpo@Urbembr.com\">dpo@Urbembr.com<\/a>. Antes da resposta, para a valida\u00e7\u00e3o de sua identidade, podem ser solicitadas algumas confirma\u00e7\u00f5es.\r\n\r\nRelevante mencionar que nem sempre a Urbem conseguir\u00e1 cumprir com sua solicita\u00e7\u00e3o, caso tenha obriga\u00e7\u00f5es legais ou contratuais que impe\u00e7am de conclu\u00ed-la.\r\n<h2><\/h2>\r\n<h3><strong>IX.\u00a0 FALE CONOSCO EM CASO DE D\u00daVIDAS, EXERC\u00cdCIO DE DIREITOS E OMISS\u00d5ES<\/strong><\/h3>\r\n&nbsp;\r\n\r\nEm caso de d\u00favidas sobre esta Pol\u00edtica, exerc\u00edcio de qualquer direito seu como Titular de Dados Pessoais ou para reportar casos omissos nesta Pol\u00edtica, voc\u00ea pode contatar diretamente o nosso Comit\u00ea de Privacidade e Prote\u00e7\u00e3o de Dado, por meio do endere\u00e7o de e-mail: <a style=\"text-decoration: underline !important;\" href=\"mailto:dpo@Urbembr.com\">dpo@Urbembr.com<\/a>.\r\n\r\n&nbsp;\r\n\r\nAtualizada em 18 de dezembro de 2020.\r\n\r\n","protected":false},"excerpt":{"rendered":"<p>Amata na Cidade S\/A, pessoa jur\u00eddica de direito privado, inscrita no CNPJ sob o n\u00ba 32.185.496\/0002-92, com sede na Rua Henri Dunant, 873, 9\u00ba andar, cidade de S\u00e3o Paulo, Estado de S\u00e3o Paulo, (\u201cURBEM\u201d), tem o compromisso de proteger a sua privacidade, garantindo a seguran\u00e7a de seus Dados Pessoais compartilhados e, para tanto, seguir\u00e1 as [&hellip;]<\/p>\n","protected":false},"author":5,"featured_media":0,"parent":0,"menu_order":0,"comment_status":"closed","ping_status":"open","template":"","meta":{"_acf_changed":false,"inline_featured_image":false,"footnotes":""},"class_list":["post-577","page","type-page","status-publish","hentry"],"acf":[],"yoast_head":"<!-- This site is optimized with the Yoast SEO plugin v27.4 - https:\/\/yoast.com\/product\/yoast-seo-wordpress\/ -->\n<title>Privacy Policy - Urbem<\/title>\n<meta name=\"description\" content=\"Amata na Cidade S\/A, pessoa jur\u00eddica de direito privado, inscrita no CNPJ sob o n\u00ba 32.185.496\/0002-92, com sede na Rua Henri Dunant, 873, 9\u00ba andar, cidade\" \/>\n<meta name=\"robots\" content=\"index, follow, max-snippet:-1, max-image-preview:large, max-video-preview:-1\" \/>\n<link rel=\"canonical\" href=\"https:\/\/urbembr.com\/en\/privacy-policy\/\" \/>\n<meta property=\"og:locale\" content=\"en_US\" \/>\n<meta property=\"og:type\" content=\"article\" \/>\n<meta property=\"og:title\" content=\"Privacy Policy - Urbem\" \/>\n<meta property=\"og:description\" content=\"Amata na Cidade S\/A, pessoa jur\u00eddica de direito privado, inscrita no CNPJ sob o n\u00ba 32.185.496\/0002-92, com sede na Rua Henri Dunant, 873, 9\u00ba andar, cidade\" \/>\n<meta property=\"og:url\" content=\"https:\/\/urbembr.com\/en\/privacy-policy\/\" \/>\n<meta property=\"og:site_name\" content=\"Urbem\" \/>\n<meta name=\"twitter:card\" content=\"summary_large_image\" \/>\n<meta name=\"twitter:label1\" content=\"Est. reading time\" \/>\n\t<meta name=\"twitter:data1\" content=\"11 minutes\" \/>\n<script type=\"application\/ld+json\" class=\"yoast-schema-graph\">{\"@context\":\"https:\\\/\\\/schema.org\",\"@graph\":[{\"@type\":\"WebPage\",\"@id\":\"https:\\\/\\\/urbembr.com\\\/en\\\/privacy-policy\\\/\",\"url\":\"https:\\\/\\\/urbembr.com\\\/en\\\/privacy-policy\\\/\",\"name\":\"Privacy Policy - Urbem\",\"isPartOf\":{\"@id\":\"https:\\\/\\\/urbembr.com\\\/en\\\/#website\"},\"datePublished\":\"2022-02-11T15:26:44+00:00\",\"description\":\"Amata na Cidade S\\\/A, pessoa jur\u00eddica de direito privado, inscrita no CNPJ sob o n\u00ba 32.185.496\\\/0002-92, com sede na Rua Henri Dunant, 873, 9\u00ba andar, cidade\",\"breadcrumb\":{\"@id\":\"https:\\\/\\\/urbembr.com\\\/en\\\/privacy-policy\\\/#breadcrumb\"},\"inLanguage\":\"en-US\",\"potentialAction\":[{\"@type\":\"ReadAction\",\"target\":[\"https:\\\/\\\/urbembr.com\\\/en\\\/privacy-policy\\\/\"]}]},{\"@type\":\"BreadcrumbList\",\"@id\":\"https:\\\/\\\/urbembr.com\\\/en\\\/privacy-policy\\\/#breadcrumb\",\"itemListElement\":[{\"@type\":\"ListItem\",\"position\":1,\"name\":\"In\u00edcio\",\"item\":\"https:\\\/\\\/urbembr.com\\\/en\\\/home-2\\\/\"},{\"@type\":\"ListItem\",\"position\":2,\"name\":\"Privacy Policy\"}]},{\"@type\":\"WebSite\",\"@id\":\"https:\\\/\\\/urbembr.com\\\/en\\\/#website\",\"url\":\"https:\\\/\\\/urbembr.com\\\/en\\\/\",\"name\":\"Urbem\",\"description\":\"\",\"publisher\":{\"@id\":\"https:\\\/\\\/urbembr.com\\\/en\\\/#organization\"},\"potentialAction\":[{\"@type\":\"SearchAction\",\"target\":{\"@type\":\"EntryPoint\",\"urlTemplate\":\"https:\\\/\\\/urbembr.com\\\/en\\\/?s={search_term_string}\"},\"query-input\":{\"@type\":\"PropertyValueSpecification\",\"valueRequired\":true,\"valueName\":\"search_term_string\"}}],\"inLanguage\":\"en-US\"},{\"@type\":\"Organization\",\"@id\":\"https:\\\/\\\/urbembr.com\\\/en\\\/#organization\",\"name\":\"Urbem\",\"url\":\"https:\\\/\\\/urbembr.com\\\/en\\\/\",\"logo\":{\"@type\":\"ImageObject\",\"inLanguage\":\"en-US\",\"@id\":\"https:\\\/\\\/urbembr.com\\\/en\\\/#\\\/schema\\\/logo\\\/image\\\/\",\"url\":\"https:\\\/\\\/urbembr.com\\\/wp-content\\\/uploads\\\/2024\\\/10\\\/urbem-logo-prancheta-972x.webp\",\"contentUrl\":\"https:\\\/\\\/urbembr.com\\\/wp-content\\\/uploads\\\/2024\\\/10\\\/urbem-logo-prancheta-972x.webp\",\"width\":500,\"height\":120,\"caption\":\"Urbem\"},\"image\":{\"@id\":\"https:\\\/\\\/urbembr.com\\\/en\\\/#\\\/schema\\\/logo\\\/image\\\/\"}}]}<\/script>\n<!-- \/ Yoast SEO plugin. -->","yoast_head_json":{"title":"Privacy Policy - Urbem","description":"Amata na Cidade S\/A, pessoa jur\u00eddica de direito privado, inscrita no CNPJ sob o n\u00ba 32.185.496\/0002-92, com sede na Rua Henri Dunant, 873, 9\u00ba andar, cidade","robots":{"index":"index","follow":"follow","max-snippet":"max-snippet:-1","max-image-preview":"max-image-preview:large","max-video-preview":"max-video-preview:-1"},"canonical":"https:\/\/urbembr.com\/en\/privacy-policy\/","og_locale":"en_US","og_type":"article","og_title":"Privacy Policy - Urbem","og_description":"Amata na Cidade S\/A, pessoa jur\u00eddica de direito privado, inscrita no CNPJ sob o n\u00ba 32.185.496\/0002-92, com sede na Rua Henri Dunant, 873, 9\u00ba andar, cidade","og_url":"https:\/\/urbembr.com\/en\/privacy-policy\/","og_site_name":"Urbem","twitter_card":"summary_large_image","twitter_misc":{"Est. reading time":"11 minutes"},"schema":{"@context":"https:\/\/schema.org","@graph":[{"@type":"WebPage","@id":"https:\/\/urbembr.com\/en\/privacy-policy\/","url":"https:\/\/urbembr.com\/en\/privacy-policy\/","name":"Privacy Policy - Urbem","isPartOf":{"@id":"https:\/\/urbembr.com\/en\/#website"},"datePublished":"2022-02-11T15:26:44+00:00","description":"Amata na Cidade S\/A, pessoa jur\u00eddica de direito privado, inscrita no CNPJ sob o n\u00ba 32.185.496\/0002-92, com sede na Rua Henri Dunant, 873, 9\u00ba andar, cidade","breadcrumb":{"@id":"https:\/\/urbembr.com\/en\/privacy-policy\/#breadcrumb"},"inLanguage":"en-US","potentialAction":[{"@type":"ReadAction","target":["https:\/\/urbembr.com\/en\/privacy-policy\/"]}]},{"@type":"BreadcrumbList","@id":"https:\/\/urbembr.com\/en\/privacy-policy\/#breadcrumb","itemListElement":[{"@type":"ListItem","position":1,"name":"In\u00edcio","item":"https:\/\/urbembr.com\/en\/home-2\/"},{"@type":"ListItem","position":2,"name":"Privacy Policy"}]},{"@type":"WebSite","@id":"https:\/\/urbembr.com\/en\/#website","url":"https:\/\/urbembr.com\/en\/","name":"Urbem","description":"","publisher":{"@id":"https:\/\/urbembr.com\/en\/#organization"},"potentialAction":[{"@type":"SearchAction","target":{"@type":"EntryPoint","urlTemplate":"https:\/\/urbembr.com\/en\/?s={search_term_string}"},"query-input":{"@type":"PropertyValueSpecification","valueRequired":true,"valueName":"search_term_string"}}],"inLanguage":"en-US"},{"@type":"Organization","@id":"https:\/\/urbembr.com\/en\/#organization","name":"Urbem","url":"https:\/\/urbembr.com\/en\/","logo":{"@type":"ImageObject","inLanguage":"en-US","@id":"https:\/\/urbembr.com\/en\/#\/schema\/logo\/image\/","url":"https:\/\/urbembr.com\/wp-content\/uploads\/2024\/10\/urbem-logo-prancheta-972x.webp","contentUrl":"https:\/\/urbembr.com\/wp-content\/uploads\/2024\/10\/urbem-logo-prancheta-972x.webp","width":500,"height":120,"caption":"Urbem"},"image":{"@id":"https:\/\/urbembr.com\/en\/#\/schema\/logo\/image\/"}}]}},"_links":{"self":[{"href":"https:\/\/urbembr.com\/en\/wp-json\/wp\/v2\/pages\/577","targetHints":{"allow":["GET"]}}],"collection":[{"href":"https:\/\/urbembr.com\/en\/wp-json\/wp\/v2\/pages"}],"about":[{"href":"https:\/\/urbembr.com\/en\/wp-json\/wp\/v2\/types\/page"}],"author":[{"embeddable":true,"href":"https:\/\/urbembr.com\/en\/wp-json\/wp\/v2\/users\/5"}],"replies":[{"embeddable":true,"href":"https:\/\/urbembr.com\/en\/wp-json\/wp\/v2\/comments?post=577"}],"version-history":[{"count":0,"href":"https:\/\/urbembr.com\/en\/wp-json\/wp\/v2\/pages\/577\/revisions"}],"wp:attachment":[{"href":"https:\/\/urbembr.com\/en\/wp-json\/wp\/v2\/media?parent=577"}],"curies":[{"name":"wp","href":"https:\/\/api.w.org\/{rel}","templated":true}]}}